{"id":1516,"date":"2020-03-09T14:09:33","date_gmt":"2020-03-09T14:09:33","guid":{"rendered":"https:\/\/katirebh.com\/?page_id=1516"},"modified":"2020-06-17T10:40:49","modified_gmt":"2020-06-17T10:40:49","slug":"blog","status":"publish","type":"page","link":"https:\/\/katirebh.com\/en\/blog\/","title":{"rendered":"Blog"},"content":{"rendered":"<div data-elementor-type=\"wp-page\" data-elementor-id=\"1516\" class=\"elementor elementor-1516\" data-elementor-settings=\"{&quot;ha_cmc_init_switcher&quot;:&quot;no&quot;}\">\n\t\t\t\t\t\t<section class=\"elementor-section elementor-top-section elementor-element elementor-element-702a5be elementor-section-boxed elementor-section-height-default elementor-section-height-default\" data-id=\"702a5be\" data-element_type=\"section\" data-settings=\"{&quot;background_background&quot;:&quot;classic&quot;,&quot;_ha_eqh_enable&quot;:false}\">\n\t\t\t\t\t\t\t<div class=\"elementor-background-overlay\"><\/div>\n\t\t\t\t\t\t\t<div class=\"elementor-container elementor-column-gap-default\">\n\t\t\t\t\t<div class=\"elementor-column elementor-col-100 elementor-top-column elementor-element elementor-element-11bfae2\" data-id=\"11bfae2\" data-element_type=\"column\">\n\t\t\t<div class=\"elementor-widget-wrap elementor-element-populated\">\n\t\t\t\t\t\t<div class=\"elementor-element elementor-element-e42ca11 elementor-widget elementor-widget-heading\" data-id=\"e42ca11\" data-element_type=\"widget\" data-widget_type=\"heading.default\">\n\t\t\t\t<div class=\"elementor-widget-container\">\n\t\t\t\t\t<h1 class=\"elementor-heading-title elementor-size-default\">BLOG<\/h1>\t\t\t\t<\/div>\n\t\t\t\t<\/div>\n\t\t\t\t\t<\/div>\n\t\t<\/div>\n\t\t\t\t\t<\/div>\n\t\t<\/section>\n\t\t\t\t<section class=\"elementor-section elementor-top-section elementor-element elementor-element-43cdc7f elementor-section-boxed elementor-section-height-default elementor-section-height-default\" data-id=\"43cdc7f\" data-element_type=\"section\" data-settings=\"{&quot;_ha_eqh_enable&quot;:false}\">\n\t\t\t\t\t\t<div class=\"elementor-container elementor-column-gap-default\">\n\t\t\t\t\t<div class=\"elementor-column elementor-col-100 elementor-top-column elementor-element elementor-element-231a709\" data-id=\"231a709\" data-element_type=\"column\">\n\t\t\t<div class=\"elementor-widget-wrap elementor-element-populated\">\n\t\t\t\t\t\t<div class=\"elementor-element elementor-element-bd9c665 elementor-widget elementor-widget-spacer\" data-id=\"bd9c665\" data-element_type=\"widget\" data-widget_type=\"spacer.default\">\n\t\t\t\t<div class=\"elementor-widget-container\">\n\t\t\t\t\t\t\t<div class=\"elementor-spacer\">\n\t\t\t<div class=\"elementor-spacer-inner\"><\/div>\n\t\t<\/div>\n\t\t\t\t\t\t<\/div>\n\t\t\t\t<\/div>\n\t\t\t\t<div class=\"elementor-element elementor-element-6946a41 elementor-widget elementor-widget-eael-post-timeline\" data-id=\"6946a41\" data-element_type=\"widget\" data-widget_type=\"eael-post-timeline.default\">\n\t\t\t\t<div class=\"elementor-widget-container\">\n\t\t\t\t\t<div id=\"eael-post-timeline-6946a41\" class=\"eael-post-timeline timeline-layout-default eael-post-timeline-arrow-\">\n            <div class=\"eael-post-timeline eael-post-appender eael-post-appender-6946a41\"><article class=\"eael-timeline-post eael-timeline-column\">\n    <div class=\"eael-timeline-bullet\"><\/div>\n    <div class=\"eael-timeline-post-inner\">\n        <a class=\"eael-timeline-post-link\" href=\"https:\/\/katirebh.com\/en\/solarna-oprema-i-proizvodi\/\" title=\"Solarna oprema i proizvodi\">\n            <time datetime=\"21\/11\/2023\">21\/11\/2023<\/time>\n            <div class=\"eael-timeline-post-image  attachment-full size-full\" style=\"background-image: url(https:\/\/katirebh.com\/wp-content\/uploads\/2023\/11\/beautiful-alternative-energy-plant-with-solar-panels.jpg);\"><\/div><div class=\"eael-timeline-post-excerpt\"><p>KA SOLAR BH\u00a0je Zelena divizija renomirane kompanije\u00a0KA TIRE BH d.o.o. Prativ\u0161i globalne i regionalne trendove, kompanija je u\u0161la i u segment prodaje kompletne solarne opreme, te putem svojih pouzdanih i referentnih partnera nudi projektovanje, izgradnju i odr\u017eavanje solarnih sistema u...<\/p><\/div><div class=\"eael-timeline-post-title\">\n                    <h2 class=\"eael-timeline-post-title-text\">Solarna oprema i proizvodi<\/h2>\n                <\/div><\/a>\n    <\/div>\n<\/article><article class=\"eael-timeline-post eael-timeline-column\">\n    <div class=\"eael-timeline-bullet\"><\/div>\n    <div class=\"eael-timeline-post-inner\">\n        <a class=\"eael-timeline-post-link\" href=\"https:\/\/katirebh.com\/en\/filteri-hidraulike-za-gradevinske-i-rudarske-masine\/\" title=\"FILTERI HIDRAULIKE ZA GRA\u0110EVINSKE I  RUDARSKE MA\u0160INE\">\n            <time datetime=\"02\/06\/2020\">02\/06\/2020<\/time>\n            <div class=\"eael-timeline-post-image  attachment-full size-full\" style=\"background-image: url(https:\/\/katirebh.com\/wp-content\/uploads\/2020\/06\/asd.jpg);\"><\/div><div class=\"eael-timeline-post-excerpt\"><p>Hidrauli\u010dki filteri slu\u017ee za filtraciju ulja u hidrauli\u010dnim sistemima u kojem isti uklanjaju razne \u010destice i ne\u010disto\u0107e iz hidrauli\u010dnog ulja, nastale tokom njegove eksplotacije. Njegova efikasnost je utoliko ve\u0107e \u0161to je bolja njegova u\u010dinkovitost u uklanjanju one\u010di\u0161\u0107enja prljav\u0161tine iz hidrauli\u010dnog...<\/p><\/div><div class=\"eael-timeline-post-title\">\n                    <h2 class=\"eael-timeline-post-title-text\">FILTERI HIDRAULIKE ZA GRA\u0110EVINSKE I  RUDARSKE MA\u0160INE<\/h2>\n                <\/div><\/a>\n    <\/div>\n<\/article><article class=\"eael-timeline-post eael-timeline-column\">\n    <div class=\"eael-timeline-bullet\"><\/div>\n    <div class=\"eael-timeline-post-inner\">\n        <a class=\"eael-timeline-post-link\" href=\"https:\/\/katirebh.com\/en\/filteri-ulja-za-gradevinske-i-rudarske-masine\/\" title=\"FILTERI ULJA ZA GRA\u0110EVINSKE I RUDARSKE MA\u0160INE\">\n            <time datetime=\"02\/06\/2020\">02\/06\/2020<\/time>\n            <div class=\"eael-timeline-post-image  attachment-full size-full\" style=\"background-image: url(https:\/\/katirebh.com\/wp-content\/uploads\/2020\/06\/images.jpg);\"><\/div><div class=\"eael-timeline-post-excerpt\"><p>Motorno ulje je vrlo va\u017ena i neophodna za\u0161tita za svaki motor. Izme\u0111u ostalog, motorno ulje podmazuje a ujedno i hladi, \u010disti i \u0161titi motor. Tokom vremena i uslijed izgaranja i tro\u0161enja motora, one\u010di\u0161\u0107enje ulazi u sistem podmazivanja, \u0161to predstavlja ozbiljnu...<\/p><\/div><div class=\"eael-timeline-post-title\">\n                    <h2 class=\"eael-timeline-post-title-text\">FILTERI ULJA ZA GRA\u0110EVINSKE I RUDARSKE MA\u0160INE<\/h2>\n                <\/div><\/a>\n    <\/div>\n<\/article><article class=\"eael-timeline-post eael-timeline-column\">\n    <div class=\"eael-timeline-bullet\"><\/div>\n    <div class=\"eael-timeline-post-inner\">\n        <a class=\"eael-timeline-post-link\" href=\"https:\/\/katirebh.com\/en\/filteri-kabine-za-gradevisnke-i-rudarske-masine\/\" title=\"FILTERI KABINE ZA GRA\u0110EVINSKE I RUDARSKE MA\u0160INE\">\n            <time datetime=\"02\/06\/2020\">02\/06\/2020<\/time>\n            <div class=\"eael-timeline-post-image  attachment-full size-full\" style=\"background-image: url(https:\/\/katirebh.com\/wp-content\/uploads\/2020\/06\/mitsubishi-cabin-air-filter-900x600-min.jpg);\"><\/div><div class=\"eael-timeline-post-excerpt\"><p>Iako im se u praksi ne pridaje dovoljna va\u017enost, filteri klime su vrlo bitni kako u auto i kamionskoj industriji, tako i u industriji rudarskih i gra\u0111evinskih ma\u0161ina. Obzirom na znatno lo\u0161ije uslove ekspoloatacije gra\u0111evinske mehanizacije (pove\u0107ano prisustvo pra\u0161ine, polena,...<\/p><\/div><div class=\"eael-timeline-post-title\">\n                    <h2 class=\"eael-timeline-post-title-text\">FILTERI KABINE ZA GRA\u0110EVINSKE I RUDARSKE MA\u0160INE<\/h2>\n                <\/div><\/a>\n    <\/div>\n<\/article><article class=\"eael-timeline-post eael-timeline-column\">\n    <div class=\"eael-timeline-bullet\"><\/div>\n    <div class=\"eael-timeline-post-inner\">\n        <a class=\"eael-timeline-post-link\" href=\"https:\/\/katirebh.com\/en\/filteri-zraka-za-gradevinske-i-rudarske-masine\/\" title=\"FILTERI ZRAKA ZA GRA\u0110EVINSKE I RUDARSKE MA\u0160INE\">\n            <time datetime=\"02\/06\/2020\">02\/06\/2020<\/time>\n            <div class=\"eael-timeline-post-image  attachment-full size-full\" style=\"background-image: url(https:\/\/katirebh.com\/wp-content\/uploads\/2020\/06\/air-filters_l_w734.jpg);\"><\/div><div class=\"eael-timeline-post-excerpt\"><p>Filter zraka je vitalan dio usisnog sistema svakog puni\u010dkog, teretnog i gra\u0111evinskog vozila ili ma\u0161ine. Negativna posljedica filtracije zraka je smanjivanje brzine protoka zraka, \u0161to smanjuje kvalitetu i mije\u0161anje gorive smjese te na kraju njeno izgaranje! Filter zraka za sve...<\/p><\/div><div class=\"eael-timeline-post-title\">\n                    <h2 class=\"eael-timeline-post-title-text\">FILTERI ZRAKA ZA GRA\u0110EVINSKE I RUDARSKE MA\u0160INE<\/h2>\n                <\/div><\/a>\n    <\/div>\n<\/article><article class=\"eael-timeline-post eael-timeline-column\">\n    <div class=\"eael-timeline-bullet\"><\/div>\n    <div class=\"eael-timeline-post-inner\">\n        <a class=\"eael-timeline-post-link\" href=\"https:\/\/katirebh.com\/en\/prodaja-rezervnih-dijelova-za-rudarske-i-gradevinske-masine\/\" title=\"Prodaja rezervnih dijelova za rudarske i gra\u0111evinske ma\u0161ine\">\n            <time datetime=\"09\/03\/2020\">09\/03\/2020<\/time>\n            <div class=\"eael-timeline-post-image  attachment-full size-full\" style=\"background-image: url(https:\/\/katirebh.com\/wp-content\/uploads\/2020\/03\/Screenshot_2-e1583763773204.png);\"><\/div><div class=\"eael-timeline-post-excerpt\"><p>CATERPILLAR, KOMATSU, DOOSAN, BOBCAT, VOLVO, COMMINS, BOMAG,DYNAPAC, HYUNDAI, ALLISON, TEREX<\/p><\/div><div class=\"eael-timeline-post-title\">\n                    <h2 class=\"eael-timeline-post-title-text\">Prodaja rezervnih dijelova za rudarske i gra\u0111evinske ma\u0161ine<\/h2>\n                <\/div><\/a>\n    <\/div>\n<\/article><\/div>\n\t\t<\/div>\t\t\t\t<\/div>\n\t\t\t\t<\/div>\n\t\t\t\t\t<\/div>\n\t\t<\/div>\n\t\t\t\t\t<\/div>\n\t\t<\/section>\n\t\t\t\t<\/div>","protected":false},"excerpt":{"rendered":"<p>Pri\u010damo detaljnije o rezervnim dijelovima i donosimo vam relevantne novosti.<\/p>","protected":false},"author":1,"featured_media":1600,"parent":0,"menu_order":0,"comment_status":"closed","ping_status":"open","template":"","meta":{"site-sidebar-layout":"no-sidebar","site-content-layout":"page-builder","ast-site-content-layout":"default","site-content-style":"default","site-sidebar-style":"default","ast-global-header-display":"","ast-banner-title-visibility":"","ast-main-header-display":"","ast-hfb-above-header-display":"","ast-hfb-below-header-display":"","ast-hfb-mobile-header-display":"","site-post-title":"disabled","ast-breadcrumbs-content":"","ast-featured-img":"disabled","footer-sml-layout":"","theme-transparent-header-meta":"default","adv-header-id-meta":"","stick-header-meta":"","header-above-stick-meta":"","header-main-stick-meta":"","header-below-stick-meta":"","astra-migrate-meta-layouts":"default","ast-page-background-enabled":"default","ast-page-background-meta":{"desktop":{"background-color":"","background-image":"","background-repeat":"repeat","background-position":"center center","background-size":"auto","background-attachment":"scroll","background-type":"","background-media":"","overlay-type":"","overlay-color":"","overlay-opacity":"","overlay-gradient":""},"tablet":{"background-color":"","background-image":"","background-repeat":"repeat","background-position":"center center","background-size":"auto","background-attachment":"scroll","background-type":"","background-media":"","overlay-type":"","overlay-color":"","overlay-opacity":"","overlay-gradient":""},"mobile":{"background-color":"","background-image":"","background-repeat":"repeat","background-position":"center center","background-size":"auto","background-attachment":"scroll","background-type":"","background-media":"","overlay-type":"","overlay-color":"","overlay-opacity":"","overlay-gradient":""}},"ast-content-background-meta":{"desktop":{"background-color":"var(--ast-global-color-5)","background-image":"","background-repeat":"repeat","background-position":"center center","background-size":"auto","background-attachment":"scroll","background-type":"","background-media":"","overlay-type":"","overlay-color":"","overlay-opacity":"","overlay-gradient":""},"tablet":{"background-color":"var(--ast-global-color-5)","background-image":"","background-repeat":"repeat","background-position":"center center","background-size":"auto","background-attachment":"scroll","background-type":"","background-media":"","overlay-type":"","overlay-color":"","overlay-opacity":"","overlay-gradient":""},"mobile":{"background-color":"var(--ast-global-color-5)","background-image":"","background-repeat":"repeat","background-position":"center center","background-size":"auto","background-attachment":"scroll","background-type":"","background-media":"","overlay-type":"","overlay-color":"","overlay-opacity":"","overlay-gradient":""}},"footnotes":""},"class_list":["post-1516","page","type-page","status-publish","has-post-thumbnail","hentry"],"yoast_head":"<!-- This site is optimized with the Yoast SEO plugin v27.4 - https:\/\/yoast.com\/product\/yoast-seo-wordpress\/ -->\n<title>Blog - KA TIRE BH d.o.o.<\/title>\n<meta name=\"description\" content=\"Pri\u010damo detaljnije o rezervnim dijelovima i donosimo vam relevantne novosti.\" \/>\n<meta name=\"robots\" content=\"index, follow, max-snippet:-1, max-image-preview:large, max-video-preview:-1\" \/>\n<link rel=\"canonical\" href=\"https:\/\/katirebh.com\/en\/blog\/\" \/>\n<meta property=\"og:locale\" content=\"en_US\" \/>\n<meta property=\"og:type\" content=\"article\" \/>\n<meta property=\"og:title\" content=\"Blog - KA TIRE BH d.o.o.\" \/>\n<meta property=\"og:description\" content=\"Pri\u010damo detaljnije o rezervnim dijelovima i donosimo vam relevantne novosti.\" \/>\n<meta property=\"og:url\" content=\"https:\/\/katirebh.com\/en\/blog\/\" \/>\n<meta property=\"og:site_name\" content=\"KA TIRE BH d.o.o.\" \/>\n<meta property=\"article:publisher\" content=\"https:\/\/www.facebook.com\/katirebh\/\" \/>\n<meta property=\"article:modified_time\" content=\"2020-06-17T10:40:49+00:00\" \/>\n<meta property=\"og:image\" content=\"https:\/\/katirebh.com\/wp-content\/uploads\/2020\/06\/Featured-po\u010detna.jpg\" \/>\n\t<meta property=\"og:image:width\" content=\"960\" \/>\n\t<meta property=\"og:image:height\" content=\"960\" \/>\n\t<meta property=\"og:image:type\" content=\"image\/jpeg\" \/>\n<script type=\"application\/ld+json\" class=\"yoast-schema-graph\">{\"@context\":\"https:\\\/\\\/schema.org\",\"@graph\":[{\"@type\":\"WebPage\",\"@id\":\"https:\\\/\\\/katirebh.com\\\/blog\\\/\",\"url\":\"https:\\\/\\\/katirebh.com\\\/blog\\\/\",\"name\":\"Blog - KA TIRE BH d.o.o.\",\"isPartOf\":{\"@id\":\"https:\\\/\\\/katirebh.com\\\/#website\"},\"primaryImageOfPage\":{\"@id\":\"https:\\\/\\\/katirebh.com\\\/blog\\\/#primaryimage\"},\"image\":{\"@id\":\"https:\\\/\\\/katirebh.com\\\/blog\\\/#primaryimage\"},\"thumbnailUrl\":\"https:\\\/\\\/katirebh.com\\\/wp-content\\\/uploads\\\/2020\\\/06\\\/Featured-po\u010detna.jpg\",\"datePublished\":\"2020-03-09T14:09:33+00:00\",\"dateModified\":\"2020-06-17T10:40:49+00:00\",\"description\":\"Pri\u010damo detaljnije o rezervnim dijelovima i donosimo vam relevantne novosti.\",\"breadcrumb\":{\"@id\":\"https:\\\/\\\/katirebh.com\\\/blog\\\/#breadcrumb\"},\"inLanguage\":\"en-US\",\"potentialAction\":[{\"@type\":\"ReadAction\",\"target\":[\"https:\\\/\\\/katirebh.com\\\/blog\\\/\"]}]},{\"@type\":\"ImageObject\",\"inLanguage\":\"en-US\",\"@id\":\"https:\\\/\\\/katirebh.com\\\/blog\\\/#primaryimage\",\"url\":\"https:\\\/\\\/katirebh.com\\\/wp-content\\\/uploads\\\/2020\\\/06\\\/Featured-po\u010detna.jpg\",\"contentUrl\":\"https:\\\/\\\/katirebh.com\\\/wp-content\\\/uploads\\\/2020\\\/06\\\/Featured-po\u010detna.jpg\",\"width\":960,\"height\":960},{\"@type\":\"BreadcrumbList\",\"@id\":\"https:\\\/\\\/katirebh.com\\\/blog\\\/#breadcrumb\",\"itemListElement\":[{\"@type\":\"ListItem\",\"position\":1,\"name\":\"Home\",\"item\":\"https:\\\/\\\/katirebh.com\\\/\"},{\"@type\":\"ListItem\",\"position\":2,\"name\":\"Blog\"}]},{\"@type\":\"WebSite\",\"@id\":\"https:\\\/\\\/katirebh.com\\\/#website\",\"url\":\"https:\\\/\\\/katirebh.com\\\/\",\"name\":\"KA TIRE BH d.o.o.\",\"description\":\"Va\u0161 pouzdan partner\",\"publisher\":{\"@id\":\"https:\\\/\\\/katirebh.com\\\/#organization\"},\"potentialAction\":[{\"@type\":\"SearchAction\",\"target\":{\"@type\":\"EntryPoint\",\"urlTemplate\":\"https:\\\/\\\/katirebh.com\\\/?s={search_term_string}\"},\"query-input\":{\"@type\":\"PropertyValueSpecification\",\"valueRequired\":true,\"valueName\":\"search_term_string\"}}],\"inLanguage\":\"en-US\"},{\"@type\":\"Organization\",\"@id\":\"https:\\\/\\\/katirebh.com\\\/#organization\",\"name\":\"Ka Tire BH doo\",\"url\":\"https:\\\/\\\/katirebh.com\\\/\",\"logo\":{\"@type\":\"ImageObject\",\"inLanguage\":\"en-US\",\"@id\":\"https:\\\/\\\/katirebh.com\\\/#\\\/schema\\\/logo\\\/image\\\/\",\"url\":\"https:\\\/\\\/katirebh.com\\\/wp-content\\\/uploads\\\/2020\\\/02\\\/KA-TIRE-BH-logo-01.png\",\"contentUrl\":\"https:\\\/\\\/katirebh.com\\\/wp-content\\\/uploads\\\/2020\\\/02\\\/KA-TIRE-BH-logo-01.png\",\"width\":2814,\"height\":959,\"caption\":\"Ka Tire BH doo\"},\"image\":{\"@id\":\"https:\\\/\\\/katirebh.com\\\/#\\\/schema\\\/logo\\\/image\\\/\"},\"sameAs\":[\"https:\\\/\\\/www.facebook.com\\\/katirebh\\\/\"]}]}<\/script>\n<!-- \/ Yoast SEO plugin. -->","yoast_head_json":{"title":"Blog - KA TIRE BH d.o.o.","description":"Pri\u010damo detaljnije o rezervnim dijelovima i donosimo vam relevantne novosti.","robots":{"index":"index","follow":"follow","max-snippet":"max-snippet:-1","max-image-preview":"max-image-preview:large","max-video-preview":"max-video-preview:-1"},"canonical":"https:\/\/katirebh.com\/en\/blog\/","og_locale":"en_US","og_type":"article","og_title":"Blog - KA TIRE BH d.o.o.","og_description":"Pri\u010damo detaljnije o rezervnim dijelovima i donosimo vam relevantne novosti.","og_url":"https:\/\/katirebh.com\/en\/blog\/","og_site_name":"KA TIRE BH d.o.o.","article_publisher":"https:\/\/www.facebook.com\/katirebh\/","article_modified_time":"2020-06-17T10:40:49+00:00","og_image":[{"width":960,"height":960,"url":"https:\/\/katirebh.com\/wp-content\/uploads\/2020\/06\/Featured-po\u010detna.jpg","type":"image\/jpeg"}],"schema":{"@context":"https:\/\/schema.org","@graph":[{"@type":"WebPage","@id":"https:\/\/katirebh.com\/blog\/","url":"https:\/\/katirebh.com\/blog\/","name":"Blog - KA TIRE BH d.o.o.","isPartOf":{"@id":"https:\/\/katirebh.com\/#website"},"primaryImageOfPage":{"@id":"https:\/\/katirebh.com\/blog\/#primaryimage"},"image":{"@id":"https:\/\/katirebh.com\/blog\/#primaryimage"},"thumbnailUrl":"https:\/\/katirebh.com\/wp-content\/uploads\/2020\/06\/Featured-po\u010detna.jpg","datePublished":"2020-03-09T14:09:33+00:00","dateModified":"2020-06-17T10:40:49+00:00","description":"Pri\u010damo detaljnije o rezervnim dijelovima i donosimo vam relevantne novosti.","breadcrumb":{"@id":"https:\/\/katirebh.com\/blog\/#breadcrumb"},"inLanguage":"en-US","potentialAction":[{"@type":"ReadAction","target":["https:\/\/katirebh.com\/blog\/"]}]},{"@type":"ImageObject","inLanguage":"en-US","@id":"https:\/\/katirebh.com\/blog\/#primaryimage","url":"https:\/\/katirebh.com\/wp-content\/uploads\/2020\/06\/Featured-po\u010detna.jpg","contentUrl":"https:\/\/katirebh.com\/wp-content\/uploads\/2020\/06\/Featured-po\u010detna.jpg","width":960,"height":960},{"@type":"BreadcrumbList","@id":"https:\/\/katirebh.com\/blog\/#breadcrumb","itemListElement":[{"@type":"ListItem","position":1,"name":"Home","item":"https:\/\/katirebh.com\/"},{"@type":"ListItem","position":2,"name":"Blog"}]},{"@type":"WebSite","@id":"https:\/\/katirebh.com\/#website","url":"https:\/\/katirebh.com\/","name":"KA TIRE BH d.o.o.","description":"Your reliable partner","publisher":{"@id":"https:\/\/katirebh.com\/#organization"},"potentialAction":[{"@type":"SearchAction","target":{"@type":"EntryPoint","urlTemplate":"https:\/\/katirebh.com\/?s={search_term_string}"},"query-input":{"@type":"PropertyValueSpecification","valueRequired":true,"valueName":"search_term_string"}}],"inLanguage":"en-US"},{"@type":"Organization","@id":"https:\/\/katirebh.com\/#organization","name":"Ka Tire BH doo","url":"https:\/\/katirebh.com\/","logo":{"@type":"ImageObject","inLanguage":"en-US","@id":"https:\/\/katirebh.com\/#\/schema\/logo\/image\/","url":"https:\/\/katirebh.com\/wp-content\/uploads\/2020\/02\/KA-TIRE-BH-logo-01.png","contentUrl":"https:\/\/katirebh.com\/wp-content\/uploads\/2020\/02\/KA-TIRE-BH-logo-01.png","width":2814,"height":959,"caption":"Ka Tire BH doo"},"image":{"@id":"https:\/\/katirebh.com\/#\/schema\/logo\/image\/"},"sameAs":["https:\/\/www.facebook.com\/katirebh\/"]}]}},"_links":{"self":[{"href":"https:\/\/katirebh.com\/en\/wp-json\/wp\/v2\/pages\/1516","targetHints":{"allow":["GET"]}}],"collection":[{"href":"https:\/\/katirebh.com\/en\/wp-json\/wp\/v2\/pages"}],"about":[{"href":"https:\/\/katirebh.com\/en\/wp-json\/wp\/v2\/types\/page"}],"author":[{"embeddable":true,"href":"https:\/\/katirebh.com\/en\/wp-json\/wp\/v2\/users\/1"}],"replies":[{"embeddable":true,"href":"https:\/\/katirebh.com\/en\/wp-json\/wp\/v2\/comments?post=1516"}],"version-history":[{"count":0,"href":"https:\/\/katirebh.com\/en\/wp-json\/wp\/v2\/pages\/1516\/revisions"}],"wp:featuredmedia":[{"embeddable":true,"href":"https:\/\/katirebh.com\/en\/wp-json\/wp\/v2\/media\/1600"}],"wp:attachment":[{"href":"https:\/\/katirebh.com\/en\/wp-json\/wp\/v2\/media?parent=1516"}],"curies":[{"name":"wp","href":"https:\/\/api.w.org\/{rel}","templated":true}]}}