{"id":1473,"date":"2020-03-04T15:43:57","date_gmt":"2020-03-04T15:43:57","guid":{"rendered":"https:\/\/katirebh.com\/?page_id=1473"},"modified":"2020-03-04T15:44:03","modified_gmt":"2020-03-04T15:44:03","slug":"politika-privatnosti","status":"publish","type":"page","link":"https:\/\/katirebh.com\/en\/politika-privatnosti\/","title":{"rendered":"Privacy Policy"},"content":{"rendered":"<p>Va\u0161a privatnost nam je va\u017ena. Pravila Ka Tire BH po\u0161tuju va\u0161u privatnost u vezi s bilo kakvim podacima koje mo\u017eemo prikupiti od vas na na\u0161oj web stranici. <\/p>\n\n\n\n<p>Osobne podatke tra\u017eimo samo kada su nam zaista potrebni za pru\u017eanje usluge vama. Podatke prikupljamo u skladu sa zakonom, uz va\u0161e znanje i saglasnost. Obavje\u0161tavamo vas i za\u0161to prikupljamo podatke i kako \u0107e se isti koristiti. <\/p>\n\n\n\n<p>Sakupljene podatke zadr\u017eavamo samo onoliko dugo koliko je potrebno da bismo vam pru\u017eili tra\u017eenu uslugu. Podatke koje \u010duvamo, za\u0161titit \u0107emo komercijalno prihvatljivim sredstvima kako bismo sprije\u010dili gubitak i kra\u0111u, kao i neovla\u0161teni pristup, otkrivanje, kopiranje, upotrebu ili izmjenu.<\/p>\n\n\n\n<p>Ne dijelimo nikakve li\u010dne podatke javno ili sa tre\u0107im stranama, osim kada to zahtijeva zakon.<\/p>\n\n\n\n<p>Na\u0161a web stranica mo\u017ee se referencirati na vanjske web stranice kojima mi ne upravljamo. Imajte na umu da nemamo kontrolu nad sadr\u017eajem i praksama ovih stranica i ne mo\u017eemo prihvatiti odgovornost ili odgovornost za njihove politike privatnosti.<\/p>\n\n\n\n<p>Slobodni ste odbiti na\u0161 zahtjev za va\u0161e li\u010dne podatke, uz razumijevanje da vam mo\u017eda ne\u0107emo omogu\u0107iti neke od \u017eeljenih usluga.<\/p>\n\n\n\n<p>Va\u0161a daljnja upotreba na\u0161e web stranice smatrat \u0107e se prihva\u0107anjem na\u0161e prakse oko privatnosti i osobnih podataka. Ako imate bilo kakvih pitanja o na\u010dinu na koji obra\u0111ujemo korisni\u010dke podatke i li\u010dne podatke, slobodno nas kontaktirajte.<\/p>","protected":false},"excerpt":{"rendered":"<p>Va\u0161a privatnost nam je va\u017ena. Pravila Ka Tire BH po\u0161tuju va\u0161u privatnost u vezi s bilo kakvim podacima koje mo\u017eemo prikupiti od vas na na\u0161oj web stranici. Osobne podatke tra\u017eimo samo kada su nam zaista potrebni za pru\u017eanje usluge vama. Podatke prikupljamo u skladu sa zakonom, uz va\u0161e znanje i saglasnost. Obavje\u0161tavamo vas i za\u0161to [&hellip;]<\/p>\n","protected":false},"author":1,"featured_media":0,"parent":0,"menu_order":0,"comment_status":"closed","ping_status":"open","template":"","meta":{"site-sidebar-layout":"default","site-content-layout":"default","ast-site-content-layout":"default","site-content-style":"default","site-sidebar-style":"default","ast-global-header-display":"","ast-banner-title-visibility":"","ast-main-header-display":"","ast-hfb-above-header-display":"","ast-hfb-below-header-display":"","ast-hfb-mobile-header-display":"","site-post-title":"","ast-breadcrumbs-content":"","ast-featured-img":"","footer-sml-layout":"","theme-transparent-header-meta":"default","adv-header-id-meta":"","stick-header-meta":"","header-above-stick-meta":"","header-main-stick-meta":"","header-below-stick-meta":"","astra-migrate-meta-layouts":"default","ast-page-background-enabled":"default","ast-page-background-meta":{"desktop":{"background-color":"","background-image":"","background-repeat":"repeat","background-position":"center center","background-size":"auto","background-attachment":"scroll","background-type":"","background-media":"","overlay-type":"","overlay-color":"","overlay-opacity":"","overlay-gradient":""},"tablet":{"background-color":"","background-image":"","background-repeat":"repeat","background-position":"center center","background-size":"auto","background-attachment":"scroll","background-type":"","background-media":"","overlay-type":"","overlay-color":"","overlay-opacity":"","overlay-gradient":""},"mobile":{"background-color":"","background-image":"","background-repeat":"repeat","background-position":"center center","background-size":"auto","background-attachment":"scroll","background-type":"","background-media":"","overlay-type":"","overlay-color":"","overlay-opacity":"","overlay-gradient":""}},"ast-content-background-meta":{"desktop":{"background-color":"var(--ast-global-color-5)","background-image":"","background-repeat":"repeat","background-position":"center center","background-size":"auto","background-attachment":"scroll","background-type":"","background-media":"","overlay-type":"","overlay-color":"","overlay-opacity":"","overlay-gradient":""},"tablet":{"background-color":"var(--ast-global-color-5)","background-image":"","background-repeat":"repeat","background-position":"center center","background-size":"auto","background-attachment":"scroll","background-type":"","background-media":"","overlay-type":"","overlay-color":"","overlay-opacity":"","overlay-gradient":""},"mobile":{"background-color":"var(--ast-global-color-5)","background-image":"","background-repeat":"repeat","background-position":"center center","background-size":"auto","background-attachment":"scroll","background-type":"","background-media":"","overlay-type":"","overlay-color":"","overlay-opacity":"","overlay-gradient":""}},"footnotes":""},"class_list":["post-1473","page","type-page","status-publish","hentry"],"yoast_head":"<!-- This site is optimized with the Yoast SEO plugin v27.4 - https:\/\/yoast.com\/product\/yoast-seo-wordpress\/ -->\n<title>Politika privatnosti - KA TIRE BH d.o.o.<\/title>\n<meta name=\"description\" content=\"Va\u0161a privatnost nam je va\u017ena. Pravila Ka Tire BH po\u0161tuju va\u0161u privatnost u vezi s bilo kakvim podacima koje mo\u017eemo prikupiti od vas na na\u0161oj web stranici.\" \/>\n<meta name=\"robots\" content=\"index, follow, max-snippet:-1, max-image-preview:large, max-video-preview:-1\" \/>\n<link rel=\"canonical\" href=\"https:\/\/katirebh.com\/en\/politika-privatnosti\/\" \/>\n<meta property=\"og:locale\" content=\"en_US\" \/>\n<meta property=\"og:type\" content=\"article\" \/>\n<meta property=\"og:title\" content=\"Politika privatnosti - KA TIRE BH d.o.o.\" \/>\n<meta property=\"og:description\" content=\"Va\u0161a privatnost nam je va\u017ena. Pravila Ka Tire BH po\u0161tuju va\u0161u privatnost u vezi s bilo kakvim podacima koje mo\u017eemo prikupiti od vas na na\u0161oj web stranici.\" \/>\n<meta property=\"og:url\" content=\"https:\/\/katirebh.com\/en\/politika-privatnosti\/\" \/>\n<meta property=\"og:site_name\" content=\"KA TIRE BH d.o.o.\" \/>\n<meta property=\"article:publisher\" content=\"https:\/\/www.facebook.com\/katirebh\/\" \/>\n<meta property=\"article:modified_time\" content=\"2020-03-04T15:44:03+00:00\" \/>\n<meta name=\"twitter:label1\" content=\"Est. reading time\" \/>\n\t<meta name=\"twitter:data1\" content=\"1 minute\" \/>\n<script type=\"application\/ld+json\" class=\"yoast-schema-graph\">{\"@context\":\"https:\\\/\\\/schema.org\",\"@graph\":[{\"@type\":\"WebPage\",\"@id\":\"https:\\\/\\\/katirebh.com\\\/politika-privatnosti\\\/\",\"url\":\"https:\\\/\\\/katirebh.com\\\/politika-privatnosti\\\/\",\"name\":\"Politika privatnosti - KA TIRE BH d.o.o.\",\"isPartOf\":{\"@id\":\"https:\\\/\\\/katirebh.com\\\/#website\"},\"datePublished\":\"2020-03-04T15:43:57+00:00\",\"dateModified\":\"2020-03-04T15:44:03+00:00\",\"description\":\"Va\u0161a privatnost nam je va\u017ena. Pravila Ka Tire BH po\u0161tuju va\u0161u privatnost u vezi s bilo kakvim podacima koje mo\u017eemo prikupiti od vas na na\u0161oj web stranici.\",\"breadcrumb\":{\"@id\":\"https:\\\/\\\/katirebh.com\\\/politika-privatnosti\\\/#breadcrumb\"},\"inLanguage\":\"en-US\",\"potentialAction\":[{\"@type\":\"ReadAction\",\"target\":[\"https:\\\/\\\/katirebh.com\\\/politika-privatnosti\\\/\"]}]},{\"@type\":\"BreadcrumbList\",\"@id\":\"https:\\\/\\\/katirebh.com\\\/politika-privatnosti\\\/#breadcrumb\",\"itemListElement\":[{\"@type\":\"ListItem\",\"position\":1,\"name\":\"Home\",\"item\":\"https:\\\/\\\/katirebh.com\\\/\"},{\"@type\":\"ListItem\",\"position\":2,\"name\":\"Politika privatnosti\"}]},{\"@type\":\"WebSite\",\"@id\":\"https:\\\/\\\/katirebh.com\\\/#website\",\"url\":\"https:\\\/\\\/katirebh.com\\\/\",\"name\":\"KA TIRE BH d.o.o.\",\"description\":\"Va\u0161 pouzdan partner\",\"publisher\":{\"@id\":\"https:\\\/\\\/katirebh.com\\\/#organization\"},\"potentialAction\":[{\"@type\":\"SearchAction\",\"target\":{\"@type\":\"EntryPoint\",\"urlTemplate\":\"https:\\\/\\\/katirebh.com\\\/?s={search_term_string}\"},\"query-input\":{\"@type\":\"PropertyValueSpecification\",\"valueRequired\":true,\"valueName\":\"search_term_string\"}}],\"inLanguage\":\"en-US\"},{\"@type\":\"Organization\",\"@id\":\"https:\\\/\\\/katirebh.com\\\/#organization\",\"name\":\"Ka Tire BH doo\",\"url\":\"https:\\\/\\\/katirebh.com\\\/\",\"logo\":{\"@type\":\"ImageObject\",\"inLanguage\":\"en-US\",\"@id\":\"https:\\\/\\\/katirebh.com\\\/#\\\/schema\\\/logo\\\/image\\\/\",\"url\":\"https:\\\/\\\/katirebh.com\\\/wp-content\\\/uploads\\\/2020\\\/02\\\/KA-TIRE-BH-logo-01.png\",\"contentUrl\":\"https:\\\/\\\/katirebh.com\\\/wp-content\\\/uploads\\\/2020\\\/02\\\/KA-TIRE-BH-logo-01.png\",\"width\":2814,\"height\":959,\"caption\":\"Ka Tire BH doo\"},\"image\":{\"@id\":\"https:\\\/\\\/katirebh.com\\\/#\\\/schema\\\/logo\\\/image\\\/\"},\"sameAs\":[\"https:\\\/\\\/www.facebook.com\\\/katirebh\\\/\"]}]}<\/script>\n<!-- \/ Yoast SEO plugin. -->","yoast_head_json":{"title":"Politika privatnosti - KA TIRE BH d.o.o.","description":"Va\u0161a privatnost nam je va\u017ena. Pravila Ka Tire BH po\u0161tuju va\u0161u privatnost u vezi s bilo kakvim podacima koje mo\u017eemo prikupiti od vas na na\u0161oj web stranici.","robots":{"index":"index","follow":"follow","max-snippet":"max-snippet:-1","max-image-preview":"max-image-preview:large","max-video-preview":"max-video-preview:-1"},"canonical":"https:\/\/katirebh.com\/en\/politika-privatnosti\/","og_locale":"en_US","og_type":"article","og_title":"Politika privatnosti - KA TIRE BH d.o.o.","og_description":"Va\u0161a privatnost nam je va\u017ena. Pravila Ka Tire BH po\u0161tuju va\u0161u privatnost u vezi s bilo kakvim podacima koje mo\u017eemo prikupiti od vas na na\u0161oj web stranici.","og_url":"https:\/\/katirebh.com\/en\/politika-privatnosti\/","og_site_name":"KA TIRE BH d.o.o.","article_publisher":"https:\/\/www.facebook.com\/katirebh\/","article_modified_time":"2020-03-04T15:44:03+00:00","twitter_misc":{"Est. reading time":"1 minute"},"schema":{"@context":"https:\/\/schema.org","@graph":[{"@type":"WebPage","@id":"https:\/\/katirebh.com\/politika-privatnosti\/","url":"https:\/\/katirebh.com\/politika-privatnosti\/","name":"Politika privatnosti - KA TIRE BH d.o.o.","isPartOf":{"@id":"https:\/\/katirebh.com\/#website"},"datePublished":"2020-03-04T15:43:57+00:00","dateModified":"2020-03-04T15:44:03+00:00","description":"Va\u0161a privatnost nam je va\u017ena. Pravila Ka Tire BH po\u0161tuju va\u0161u privatnost u vezi s bilo kakvim podacima koje mo\u017eemo prikupiti od vas na na\u0161oj web stranici.","breadcrumb":{"@id":"https:\/\/katirebh.com\/politika-privatnosti\/#breadcrumb"},"inLanguage":"en-US","potentialAction":[{"@type":"ReadAction","target":["https:\/\/katirebh.com\/politika-privatnosti\/"]}]},{"@type":"BreadcrumbList","@id":"https:\/\/katirebh.com\/politika-privatnosti\/#breadcrumb","itemListElement":[{"@type":"ListItem","position":1,"name":"Home","item":"https:\/\/katirebh.com\/"},{"@type":"ListItem","position":2,"name":"Politika privatnosti"}]},{"@type":"WebSite","@id":"https:\/\/katirebh.com\/#website","url":"https:\/\/katirebh.com\/","name":"KA TIRE BH d.o.o.","description":"Your reliable partner","publisher":{"@id":"https:\/\/katirebh.com\/#organization"},"potentialAction":[{"@type":"SearchAction","target":{"@type":"EntryPoint","urlTemplate":"https:\/\/katirebh.com\/?s={search_term_string}"},"query-input":{"@type":"PropertyValueSpecification","valueRequired":true,"valueName":"search_term_string"}}],"inLanguage":"en-US"},{"@type":"Organization","@id":"https:\/\/katirebh.com\/#organization","name":"Ka Tire BH doo","url":"https:\/\/katirebh.com\/","logo":{"@type":"ImageObject","inLanguage":"en-US","@id":"https:\/\/katirebh.com\/#\/schema\/logo\/image\/","url":"https:\/\/katirebh.com\/wp-content\/uploads\/2020\/02\/KA-TIRE-BH-logo-01.png","contentUrl":"https:\/\/katirebh.com\/wp-content\/uploads\/2020\/02\/KA-TIRE-BH-logo-01.png","width":2814,"height":959,"caption":"Ka Tire BH doo"},"image":{"@id":"https:\/\/katirebh.com\/#\/schema\/logo\/image\/"},"sameAs":["https:\/\/www.facebook.com\/katirebh\/"]}]}},"_links":{"self":[{"href":"https:\/\/katirebh.com\/en\/wp-json\/wp\/v2\/pages\/1473","targetHints":{"allow":["GET"]}}],"collection":[{"href":"https:\/\/katirebh.com\/en\/wp-json\/wp\/v2\/pages"}],"about":[{"href":"https:\/\/katirebh.com\/en\/wp-json\/wp\/v2\/types\/page"}],"author":[{"embeddable":true,"href":"https:\/\/katirebh.com\/en\/wp-json\/wp\/v2\/users\/1"}],"replies":[{"embeddable":true,"href":"https:\/\/katirebh.com\/en\/wp-json\/wp\/v2\/comments?post=1473"}],"version-history":[{"count":0,"href":"https:\/\/katirebh.com\/en\/wp-json\/wp\/v2\/pages\/1473\/revisions"}],"wp:attachment":[{"href":"https:\/\/katirebh.com\/en\/wp-json\/wp\/v2\/media?parent=1473"}],"curies":[{"name":"wp","href":"https:\/\/api.w.org\/{rel}","templated":true}]}}